{"id":1903,"date":"2020-08-11T13:07:19","date_gmt":"2020-08-11T11:07:19","guid":{"rendered":"https:\/\/melida.net\/app\/?page_id=1903"},"modified":"2026-03-23T11:25:10","modified_gmt":"2026-03-23T10:25:10","slug":"lista-de-objetos-perdidos","status":"publish","type":"page","link":"https:\/\/melida.net\/app\/lista-de-objetos-perdidos\/","title":{"rendered":"Lista de objetos perdidos"},"content":{"rendered":"<h4 style=\"text-align: justify;\">Perdido \u00abPendiente como el de la foto.\u00bb.<\/h4>\n<p><strong>Si alguien encuentra el objeto, llamar al 626 786 951.<\/strong><\/p>\n<p><img loading=\"lazy\" decoding=\"async\" class=\"alignnone size-medium wp-image-2508\" src=\"https:\/\/melida.net\/app\/wp-content\/uploads\/2026\/03\/Pendiente-perdido-Melida-300x300.jpg\" alt=\"\" width=\"300\" height=\"300\" srcset=\"https:\/\/melida.net\/app\/wp-content\/uploads\/2026\/03\/Pendiente-perdido-Melida-300x300.jpg 300w, https:\/\/melida.net\/app\/wp-content\/uploads\/2026\/03\/Pendiente-perdido-Melida-150x150.jpg 150w, https:\/\/melida.net\/app\/wp-content\/uploads\/2026\/03\/Pendiente-perdido-Melida.jpg 600w\" sizes=\"auto, (max-width: 300px) 100vw, 300px\" \/><\/p>\n<hr \/>\n<h4 style=\"text-align: justify;\">Perdido \u00abPerdido m\u00f3vil el s\u00e1bado 14 en el Bar Musgo\u00bb.<\/h4>\n<p><strong>Si alguien encuentra el objeto, llamar al 626 78 69 51.<\/strong><\/p>\n<hr \/>\n<h4 style=\"text-align: justify;\">Perdido \u00abGafas con montura negra y natanga\u00bb.<\/h4>\n<p><strong>Si alguien encuentra el objeto, llamar a Fabiola Barrero Herrero\u00a0 al 670 96 34 52.<\/strong><\/p>\n<hr \/>\n<h4 style=\"text-align: justify;\">Perdido \u00abun tel\u00e9fono m\u00f3vil marca Samsung\u00bb.<\/h4>\n<p><strong>Si alguien encuentra el objeto, llamar al Ayuntamiento de M\u00e9lida al 948 74 60 15<\/strong><\/p>\n<hr \/>\n<h4 style=\"text-align: justify;\">Perdido \u00abUna rueda de coche\u00bb.<\/h4>\n<p><strong>Si alguien encuentra el objeto, llamar a \u00c1ngel Torrecilla al 630 13 64 41<\/strong><\/p>\n<hr \/>\n<h4 style=\"text-align: justify;\">Perdido \u00abUn tortuga\u00bb.<\/h4>\n<p><strong>Si alguien encuentra el objeto, llamar a Mar\u00eda Mozaz al 948 74 60 15<\/strong><\/p>\n<p><strong><img loading=\"lazy\" decoding=\"async\" class=\"wp-image-2483 size-medium aligncenter\" src=\"https:\/\/melida.net\/app\/wp-content\/uploads\/2025\/10\/17460562-156380760000-IMG-20251013-WA0002-237x300.jpg\" alt=\"\" width=\"237\" height=\"300\" srcset=\"https:\/\/melida.net\/app\/wp-content\/uploads\/2025\/10\/17460562-156380760000-IMG-20251013-WA0002-237x300.jpg 237w, https:\/\/melida.net\/app\/wp-content\/uploads\/2025\/10\/17460562-156380760000-IMG-20251013-WA0002-807x1024.jpg 807w, https:\/\/melida.net\/app\/wp-content\/uploads\/2025\/10\/17460562-156380760000-IMG-20251013-WA0002-768x974.jpg 768w, https:\/\/melida.net\/app\/wp-content\/uploads\/2025\/10\/17460562-156380760000-IMG-20251013-WA0002.jpg 828w\" sizes=\"auto, (max-width: 237px) 100vw, 237px\" \/><\/strong><\/p>\n<hr \/>\n<h4 style=\"text-align: justify;\">Perdido \u00abCamara reflex de fotos, de la marca Canon con estuche de transporte y varios objetivos.. parecido al de la foto que adjunto aunque no es exactamente igual. La \u00faltima vez la v\u00ed en la puerta de casa en la Calle de la Merced. \u00ab.<\/h4>\n<p><strong>Si alguien encuentra el objeto, llamar a Diego Villar al 617 39 67 58<\/strong><\/p>\n<p><strong><img loading=\"lazy\" decoding=\"async\" class=\"alignnone wp-image-2480 size-medium\" src=\"https:\/\/melida.net\/app\/wp-content\/uploads\/2025\/10\/17447359-156380760000-1000264847-300x300.jpg\" alt=\"\" width=\"300\" height=\"300\" srcset=\"https:\/\/melida.net\/app\/wp-content\/uploads\/2025\/10\/17447359-156380760000-1000264847-300x300.jpg 300w, https:\/\/melida.net\/app\/wp-content\/uploads\/2025\/10\/17447359-156380760000-1000264847-150x150.jpg 150w, https:\/\/melida.net\/app\/wp-content\/uploads\/2025\/10\/17447359-156380760000-1000264847.jpg 510w\" sizes=\"auto, (max-width: 300px) 100vw, 300px\" \/><\/strong><\/p>\n<hr \/>\n<h4 style=\"text-align: justify;\">Perdido \u00abLlave de candado de bicicleta con un llavero plateado de una bicicleta.\u00bb.<\/h4>\n<p><strong>Si alguien encuentra el objeto, llamar a Jasone al 676137621<\/strong><\/p>\n<hr \/>\n<h4 style=\"text-align: justify;\">Perdido \u00abCazadora roja de mujer (polipiel)\u00bb.<\/h4>\n<p><strong>Si alguien encuentra el objeto, llamar a Beatriz S\u00e1nchez Jim\u00e9nez al 616257827<\/strong><\/p>\n<hr \/>\n<h4 style=\"text-align: justify;\">Perdido \u00abReloj de pulsera de caballero (Eskagel), en la fuente del Ca\u00f1o\u00bb.<\/h4>\n<p><strong>Si alguien encuentra el objeto, llamar a Mikel P\u00e9rez Aguirrezabala al 664 52 14 66<\/strong><\/p>\n<hr \/>\n<h4 style=\"text-align: justify;\">Perdido \u00abLas llaves del coche OPEL\u00bb.<\/h4>\n<p><strong>Si alguien encuentra el objeto, llamar a Javier Celigueta al 656 54 18 79<\/strong><\/p>\n<hr \/>\n<h4 style=\"text-align: justify;\">Perdido \u00abPerdido, un pa\u00f1uelo de fiestas, con gran valor sentimental. No tiene nada especial que lo identifique. Pero era de mi padre\u00bb.<\/h4>\n<p><strong>Si alguien encuentra el objeto, llamar a Alicia Abenda\u00f1o al 680 37 94 94.<\/strong><\/p>\n<hr \/>\n<h4 style=\"text-align: justify;\">Perdido \u00abPa\u00f1uelo de fiestas con escudo de Melida y el nombre de CONCHA bordado\u00bb.<\/h4>\n<p><strong>Si alguien encuentra el objeto, llamar a Ma Vega Jim\u00e9nez al 670 23 41 12.<\/strong><\/p>\n<hr \/>\n<h4 style=\"text-align: justify;\">Perdido \u00abRi\u00f1onera nike de ni\u00f1o con cartera Adidas en su Inter\u00bb<\/h4>\n<p><strong>Si alguien encuentra el objeto, llamar a \u00c1ngel al 679891533.<\/strong><\/p>\n<p><strong><img loading=\"lazy\" decoding=\"async\" class=\"alignnone size-medium wp-image-2450\" src=\"https:\/\/melida.net\/app\/wp-content\/uploads\/2024\/08\/rinonera-angel-300x168.jpg\" alt=\"\" width=\"300\" height=\"168\" srcset=\"https:\/\/melida.net\/app\/wp-content\/uploads\/2024\/08\/rinonera-angel-300x168.jpg 300w, https:\/\/melida.net\/app\/wp-content\/uploads\/2024\/08\/rinonera-angel-1024x573.jpg 1024w, https:\/\/melida.net\/app\/wp-content\/uploads\/2024\/08\/rinonera-angel-768x430.jpg 768w, https:\/\/melida.net\/app\/wp-content\/uploads\/2024\/08\/rinonera-angel.jpg 1170w\" sizes=\"auto, (max-width: 300px) 100vw, 300px\" \/><\/strong><\/p>\n<hr \/>\n<h4 style=\"text-align: justify;\">Perdido \u00abBicicleta ni\u00f1o marca Conor roja y plateada\u00bb.<\/h4>\n<p><strong>Si alguien encuentra el objeto, llamar a SUSANA LACALLE SEGURA al 659 12 96 10.<\/strong><\/p>\n<p><strong><img loading=\"lazy\" decoding=\"async\" class=\"alignnone wp-image-2455 size-medium\" src=\"https:\/\/melida.net\/app\/wp-content\/uploads\/2024\/08\/Bicicleta-1-img-263x300.png\" alt=\"\" width=\"263\" height=\"300\" srcset=\"https:\/\/melida.net\/app\/wp-content\/uploads\/2024\/08\/Bicicleta-1-img-263x300.png 263w, https:\/\/melida.net\/app\/wp-content\/uploads\/2024\/08\/Bicicleta-1-img.png 678w\" sizes=\"auto, (max-width: 263px) 100vw, 263px\" \/><img loading=\"lazy\" decoding=\"async\" class=\"alignnone wp-image-2456 size-medium\" src=\"https:\/\/melida.net\/app\/wp-content\/uploads\/2024\/08\/Bicicleta-Conor-2-img-img-250x300.png\" alt=\"\" width=\"250\" height=\"300\" srcset=\"https:\/\/melida.net\/app\/wp-content\/uploads\/2024\/08\/Bicicleta-Conor-2-img-img-250x300.png 250w, https:\/\/melida.net\/app\/wp-content\/uploads\/2024\/08\/Bicicleta-Conor-2-img-img.png 734w\" sizes=\"auto, (max-width: 250px) 100vw, 250px\" \/><\/strong><\/p>\n<hr \/>\n<h4 style=\"text-align: justify;\">Perdido \u00abgafas de sol oscuras con los laterales claros\u00bb<\/h4>\n<p><strong>Si alguien encuentra el objeto, llamar a Fabiola al 670963452.<\/strong><\/p>\n<hr \/>\n<h4 style=\"text-align: justify;\">Perdido \u00abpa\u00f1uelo de fiestas con el nombre de julieta\u00bb<\/h4>\n<p><strong>Si alguien encuentra el objeto, llamar a Beatriz al 616257827.<\/strong><\/p>\n<hr \/>\n<h4 style=\"text-align: justify;\">Perdido \u00abuna bicicleta de ni\u00f1o marca conor roja y gris\u00bb<\/h4>\n<p><strong>Si alguien encuentra el objeto, llamar a Susana al 659129610.<\/strong><\/p>\n<hr \/>\n<h4 style=\"text-align: justify;\">Perdido \u00abCadena de plata con colgante oso Tous negro\u00bb<\/h4>\n<p><strong>Si alguien encuentra el objeto, llamar a Adelaida al 948 74 60 15.<\/strong><\/p>\n<p><img loading=\"lazy\" decoding=\"async\" class=\"alignnone wp-image-2441 size-medium\" src=\"https:\/\/melida.net\/app\/wp-content\/uploads\/2024\/07\/Cadenita-img-276x300.webp\" alt=\"Cadenita img\" width=\"276\" height=\"300\" srcset=\"https:\/\/melida.net\/app\/wp-content\/uploads\/2024\/07\/Cadenita-img-276x300.webp 276w, https:\/\/melida.net\/app\/wp-content\/uploads\/2024\/07\/Cadenita-img-768x835.webp 768w, https:\/\/melida.net\/app\/wp-content\/uploads\/2024\/07\/Cadenita-img.webp 900w\" sizes=\"auto, (max-width: 276px) 100vw, 276px\" \/><\/p>\n<hr \/>\n<h4 style=\"text-align: justify;\">Perdido \u00abPulsera de oro con chapa con nombre Amaia\u00bb<\/h4>\n<p><strong>Si alguien encuentra el objeto, llamar a Marian Jaso al 696 85 09 53.<\/strong><\/p>\n<p><img loading=\"lazy\" decoding=\"async\" class=\"alignnone wp-image-2433 size-medium\" src=\"https:\/\/melida.net\/app\/wp-content\/uploads\/2024\/04\/Pulsera-img-226x300.webp\" alt=\"Pulsera img\" width=\"226\" height=\"300\" srcset=\"https:\/\/melida.net\/app\/wp-content\/uploads\/2024\/04\/Pulsera-img-226x300.webp 226w, https:\/\/melida.net\/app\/wp-content\/uploads\/2024\/04\/Pulsera-img.webp 602w\" sizes=\"auto, (max-width: 226px) 100vw, 226px\" \/><\/p>\n<hr \/>\n<h4 style=\"text-align: justify;\">Perdido \u00abPENDIENTE\u00bb<\/h4>\n<p><strong>Si alguien encuentra el objeto, llamar a Beatriz Mozaz al 677 80 65 07.<\/strong><\/p>\n<p><img loading=\"lazy\" decoding=\"async\" class=\"alignnone wp-image-2429 size-medium\" src=\"https:\/\/melida.net\/app\/wp-content\/uploads\/2024\/02\/Pendiente-Perdido-182x300.webp\" alt=\"\" width=\"182\" height=\"300\" srcset=\"https:\/\/melida.net\/app\/wp-content\/uploads\/2024\/02\/Pendiente-Perdido-182x300.webp 182w, https:\/\/melida.net\/app\/wp-content\/uploads\/2024\/02\/Pendiente-Perdido.webp 225w\" sizes=\"auto, (max-width: 182px) 100vw, 182px\" \/><\/p>\n<hr \/>\n<h4 style=\"text-align: justify;\">Perdido \u00abPulsera de oro y cierre con circonita azul\u00bb<\/h4>\n<p><strong>Si alguien encuentra el objeto, llamar al Ayuntamiento de M\u00e9lida al 948 74 60 15.<\/strong><\/p>\n<hr \/>\n<h4 style=\"text-align: justify;\">Perdido \u00abPulsera Pandora color Plata\u00bb<\/h4>\n<p><strong>Si alguien encuentra el objeto, llamar a Maria Celigueta Rodriguez al 660 96 23 44 o Laura Celigueta Rodr\u00edguez al 615 99 73 36.<\/strong><\/p>\n<hr \/>\n<h4 style=\"text-align: justify;\">Perdido \u00abEl d\u00eda 13- junio de 2023, sobre las 6.30 horas de la tarde, me falt\u00f3 de la puerta del almac\u00e9n en la c\/ el sol una bomba de riego para la huerta se ruega por favor devolverla.\u00bb<\/h4>\n<p><strong>Si alguien encuentra el objeto, llamar a Felipe Celigueta al 656 54 18 79<\/strong><\/p>\n<p><img loading=\"lazy\" decoding=\"async\" class=\"alignnone wp-image-2411 size-medium\" src=\"https:\/\/melida.net\/app\/wp-content\/uploads\/2023\/06\/Objeto-perdido-Melida-img-225x300.webp\" alt=\"Objeto perdido M\u00e9lida img\" width=\"225\" height=\"300\" srcset=\"https:\/\/melida.net\/app\/wp-content\/uploads\/2023\/06\/Objeto-perdido-Melida-img-225x300.webp 225w, https:\/\/melida.net\/app\/wp-content\/uploads\/2023\/06\/Objeto-perdido-Melida-img-768x1024.webp 768w, https:\/\/melida.net\/app\/wp-content\/uploads\/2023\/06\/Objeto-perdido-Melida-img-1152x1536.webp 1152w, https:\/\/melida.net\/app\/wp-content\/uploads\/2023\/06\/Objeto-perdido-Melida-img.webp 1530w\" sizes=\"auto, (max-width: 225px) 100vw, 225px\" \/><\/p>\n<hr \/>\n<h4 style=\"text-align: justify;\">Perdido \u00abGafas de sol marca Ralph olvidadas en la ventana de la casa donde se hace el altar de la calle Nueva.\u00bb<\/h4>\n<p><strong>Si alguien encuentra el objeto, llamar a In\u00e9s Jaso Garde al 680 62 82 06<\/strong><\/p>\n<hr \/>\n<h4 style=\"text-align: justify;\">Perdido \u00abPendiente de oro largo con piezas en rojo\u00bb<\/h4>\n<p style=\"text-align: justify;\"><strong>Si alguien encuentra el objeto, llamar a Mar\u00eda Jos\u00e9 de Migue al 948 746 015<\/strong><\/p>\n<hr \/>\n<h4 style=\"text-align: justify;\">Perdido \u00abSudadera roja\u00bb<\/h4>\n<p style=\"text-align: justify;\"><strong>Si alguien encuentra el objeto, llamar a Sara 948 746 015<\/strong><\/p>\n<p><img loading=\"lazy\" decoding=\"async\" class=\"alignnone wp-image-2373 size-medium\" src=\"https:\/\/melida.net\/app\/wp-content\/uploads\/2022\/08\/sudadera-roja-img-225x300.webp\" alt=\"\" width=\"225\" height=\"300\" srcset=\"https:\/\/melida.net\/app\/wp-content\/uploads\/2022\/08\/sudadera-roja-img-225x300.webp 225w, https:\/\/melida.net\/app\/wp-content\/uploads\/2022\/08\/sudadera-roja-img.webp 336w\" sizes=\"auto, (max-width: 225px) 100vw, 225px\" \/><\/p>\n<hr \/>\n<h4 style=\"text-align: justify;\">Perdido \u00abCartera\u00bb<\/h4>\n<p style=\"text-align: justify;\"><strong>Si alguien encuentra el objeto, llamar a Mohammed ahssaini al 602 371 059<\/strong><\/p>\n<hr \/>\n<h4 style=\"text-align: justify;\">Perdido \u00abBicicleta robada en las piscinas\u00bb<\/h4>\n<p style=\"text-align: justify;\"><strong>Si alguien encuentra el objeto, llamar a Miguel Torrecilla de Blas al 948 746 455<br \/>\n<\/strong><\/p>\n<hr \/>\n<h4 style=\"text-align: justify;\">Perdido \u00abBici robada de la puerta del corral\u00bb<\/h4>\n<p><strong>Si alguien encuentra el objeto, llamar a Amalio Garde Baztan al 699 220 628<\/strong><\/p>\n<p><img loading=\"lazy\" decoding=\"async\" class=\"alignnone size-medium wp-image-2331\" src=\"https:\/\/melida.net\/app\/wp-content\/uploads\/2022\/05\/14513470-156380760000-IMG-20220509-WA0010-249x300.jpg\" alt=\"\" width=\"249\" height=\"300\" srcset=\"https:\/\/melida.net\/app\/wp-content\/uploads\/2022\/05\/14513470-156380760000-IMG-20220509-WA0010-249x300.jpg 249w, https:\/\/melida.net\/app\/wp-content\/uploads\/2022\/05\/14513470-156380760000-IMG-20220509-WA0010.jpg 652w\" sizes=\"auto, (max-width: 249px) 100vw, 249px\" \/><\/p>\n<hr \/>\n<h4 style=\"text-align: justify;\">Perdido \u00abun tel\u00e9fono m\u00f3vil\u00bb<\/h4>\n<p style=\"text-align: justify;\"><strong>Si alguien encuentra el objeto, llamar al Ayuntamiento de M\u00e9lida al 626 786 951<\/strong><\/p>\n<hr \/>\n<h4 style=\"text-align: justify;\">Perdido \u00abAltavoz rojo\u00bb<\/h4>\n<p style=\"text-align: justify;\"><strong>Si alguien encuentra el objeto, llamar a Idoia Garc\u00eda Garde al 639 353 541<\/strong><\/p>\n<hr \/>\n<h4 style=\"text-align: justify;\">Perdida \u00abuna llave, suelta, la cabeza es cuadrada, la perd\u00ed por el campo de football, ayer, d\u00eda 4 de septiembre, si la encontr\u00e1is, os agradecer\u00eda mucho que me lo hicierais saber. Muchas gracias\u00bb<\/h4>\n<p style=\"text-align: justify;\"><strong>Si alguien encuentra el objeto, llamar a Uxue Martinez al 644 618 035<\/strong><\/p>\n<hr \/>\n<h4 style=\"text-align: justify;\">Perdida \u00abpulsera de actividad en zona piscinas\u00bb<\/h4>\n<p style=\"text-align: justify;\"><strong>Si alguien encuentra el objeto, llamar a Fernando Castillejo al 620599843<\/strong><\/p>\n<hr \/>\n<h4 style=\"text-align: justify;\">Perdido \u00abUna cartera negra, pone tres caminos\u00bb<\/h4>\n<p style=\"text-align: justify;\"><strong>Si alguien encuentra el objeto, llamar a Irene al 664291750<\/strong><\/p>\n<hr \/>\n<h4 style=\"text-align: justify;\">Perdido \u00abCadena de oro con un colgante de San Ferm\u00edn.\u00bb<\/h4>\n<p style=\"text-align: justify;\"><strong>Si alguien encuentra el objeto, llamar al Ayuntamiento de M\u00e9lida al 948 746 015<\/strong><\/p>\n<hr \/>\n<h4 style=\"text-align: justify;\">Perdido \u00abBicicleta de ni\u00f1a del 24. Nos han quitado una bicicleta de ni\u00f1a de la puerta de casa a la \u00faltima hora del d\u00eda de ayer\u00bb<\/h4>\n<p style=\"text-align: justify;\"><strong>Si alguien encuentra el objeto, llamar a Mohamed El Manssouf al 632 606 692<\/strong><\/p>\n<p><img loading=\"lazy\" decoding=\"async\" class=\"alignnone size-medium wp-image-2164\" src=\"https:\/\/melida.net\/app\/wp-content\/uploads\/2021\/04\/bici-perdida-138x300.jpg\" alt=\"\" width=\"138\" height=\"300\" srcset=\"https:\/\/melida.net\/app\/wp-content\/uploads\/2021\/04\/bici-perdida-138x300.jpg 138w, https:\/\/melida.net\/app\/wp-content\/uploads\/2021\/04\/bici-perdida-472x1024.jpg 472w, https:\/\/melida.net\/app\/wp-content\/uploads\/2021\/04\/bici-perdida-708x1536.jpg 708w, https:\/\/melida.net\/app\/wp-content\/uploads\/2021\/04\/bici-perdida.jpg 738w\" sizes=\"auto, (max-width: 138px) 100vw, 138px\" \/><\/p>\n<hr \/>\n<h4 style=\"text-align: justify;\">Perdido \u00abAbrigo de ni\u00f1o de camuflaje en pista de futbito, junto al colegio\u00bb<\/h4>\n<p style=\"text-align: justify;\"><strong>Si alguien encuentra el objeto, llamar a Laura Mart\u00edn al 653 043 294<\/strong><\/p>\n<hr \/>\n<h4 style=\"text-align: justify;\">Perdido \u00abTel\u00e9fono m\u00f3vil Samsung Galaxy S4\u00bb<\/h4>\n<p style=\"text-align: justify;\"><strong>Si alguien encuentra el objeto, llamar a Mohamed El Manssouf El biad al 632 6066 92<\/strong><\/p>\n<hr \/>\n<h4 style=\"text-align: justify;\">Perdido \u00abRueda de remolque peque\u00f1a\u00bb<\/h4>\n<p style=\"text-align: justify;\"><strong>Si alguien encuentra el objeto, llamar a Santiago Gast\u00f3n al 948 746 015<\/strong><\/p>\n<hr \/>\n<h4 style=\"text-align: justify;\">Perdido \u00abGafas sol graduadas\u00bb<\/h4>\n<p style=\"text-align: justify;\"><strong>Si alguien encuentra el objeto, llamar al 646 002 992<\/strong><\/p>\n<hr \/>\n<h4 style=\"text-align: justify;\">Perdido \u00abLlaves de coche\u00bb<\/h4>\n<p style=\"text-align: justify;\"><strong>Si alguien encuentra el objeto, llamar al 639 353 541<\/strong><\/p>\n<hr \/>\n<h4 style=\"text-align: justify;\">Perdido \u00abMe ha desaparecido una ri\u00f1onera de camuflaje con un m\u00f3vil dentro en puerta de la sociedad. Por favor ruego me avisen si se la han encontrado.\u00bb<\/h4>\n<p style=\"text-align: justify;\"><strong>Si alguien encuentra el objeto, llamar al 653 043 294<\/strong><\/p>\n<hr \/>\n<h4 style=\"text-align: justify;\">Perdido \u00abUna llave con un cord\u00f3n rojo de acciona\u00bb<\/h4>\n<p style=\"text-align: justify;\"><strong>Si alguien encuentra el objeto, llamar al 626 440 413<\/strong><\/p>\n<hr \/>\n","protected":false},"excerpt":{"rendered":"<p>Perdido \u00abPendiente como el de la foto.\u00bb. Si alguien encuentra el objeto, llamar al 626 786 951. Perdido \u00abPerdido m\u00f3vil el s\u00e1bado 14 en el Bar Musgo\u00bb. Si alguien encuentra el objeto, llamar al 626 78 69 51. Perdido \u00abGafas con montura negra y natanga\u00bb. Si alguien encuentra el objeto, llamar a Fabiola Barrero Herrero\u00a0&hellip;<\/p>\n","protected":false},"author":2,"featured_media":0,"parent":0,"menu_order":0,"comment_status":"closed","ping_status":"closed","template":"","meta":{"footnotes":""},"class_list":["post-1903","page","type-page","status-publish","hentry","description-off"],"_links":{"self":[{"href":"https:\/\/melida.net\/app\/wp-json\/wp\/v2\/pages\/1903","targetHints":{"allow":["GET"]}}],"collection":[{"href":"https:\/\/melida.net\/app\/wp-json\/wp\/v2\/pages"}],"about":[{"href":"https:\/\/melida.net\/app\/wp-json\/wp\/v2\/types\/page"}],"author":[{"embeddable":true,"href":"https:\/\/melida.net\/app\/wp-json\/wp\/v2\/users\/2"}],"replies":[{"embeddable":true,"href":"https:\/\/melida.net\/app\/wp-json\/wp\/v2\/comments?post=1903"}],"version-history":[{"count":53,"href":"https:\/\/melida.net\/app\/wp-json\/wp\/v2\/pages\/1903\/revisions"}],"predecessor-version":[{"id":2509,"href":"https:\/\/melida.net\/app\/wp-json\/wp\/v2\/pages\/1903\/revisions\/2509"}],"wp:attachment":[{"href":"https:\/\/melida.net\/app\/wp-json\/wp\/v2\/media?parent=1903"}],"curies":[{"name":"wp","href":"https:\/\/api.w.org\/{rel}","templated":true}]}}